{"id":28,"date":"2024-01-29T19:22:15","date_gmt":"2024-01-29T18:22:15","guid":{"rendered":"https:\/\/figtree-web.us\/?page_id=28"},"modified":"2024-02-01T07:35:24","modified_gmt":"2024-02-01T06:35:24","slug":"figtree-web","status":"publish","type":"page","link":"https:\/\/figtree-web.us\/index.php\/figtree-web\/","title":{"rendered":"Figtree Web"},"content":{"rendered":"\n<p>S\u00e9curiser Votre Avenir Num\u00e9rique<\/p>\n\n\n\n<div class=\"wp-block-group alignfull has-accent-background-color has-background has-global-padding is-layout-constrained wp-container-core-group-is-layout-669513ed wp-block-group-is-layout-constrained\" style=\"margin-top:0;margin-bottom:0;padding-top:var(--wp--preset--spacing--50);padding-right:var(--wp--preset--spacing--50);padding-bottom:var(--wp--preset--spacing--50);padding-left:var(--wp--preset--spacing--50)\">\n<div class=\"wp-block-columns alignwide is-layout-flex wp-container-core-columns-is-layout-1da03c2a wp-block-columns-is-layout-flex\">\n<div class=\"wp-block-column is-vertically-aligned-stretch is-layout-flow wp-block-column-is-layout-flow\" style=\"flex-basis:50%\">\n<div class=\"wp-block-group is-vertical is-content-justification-stretch is-layout-flex wp-container-core-group-is-layout-444d5ee8 wp-block-group-is-layout-flex\" style=\"min-height:100%\">\n<p class=\"has-heading-font-family has-x-large-font-size\" style=\"line-height:1.2\">Chez Figtree, nous combinons expertise technique et innovation pour offrir des solutions de s\u00e9curit\u00e9 des serveurs, de d\u00e9veloppement d&rsquo;applications et de virtualisation de pointe. Notre mission est de prot\u00e9ger, optimiser et transformer votre infrastructure IT, assurant ainsi la croissance et la r\u00e9silience de votre entreprise.<\/p>\n\n\n\n<div class=\"wp-block-group has-global-padding is-content-justification-left is-layout-constrained wp-container-core-group-is-layout-9fe8ed88 wp-block-group-is-layout-constrained\">\n<p class=\"wp-container-content-0733e5d0\">S\u00e9curiser Votre Avenir Num\u00e9rique<\/p>\n\n\n\n<div class=\"wp-block-buttons is-layout-flex wp-block-buttons-is-layout-flex\">\n<div class=\"wp-block-button\"><a class=\"wp-block-button__link wp-element-button\">A propos de nous<\/a><\/div>\n<\/div>\n<\/div>\n<\/div>\n<\/div>\n\n\n\n<div class=\"wp-block-column is-vertically-aligned-center is-layout-flow wp-block-column-is-layout-flow\" style=\"flex-basis:50%\">\n<figure class=\"wp-block-image size-large is-style-rounded is-style-rounded--1\"><img decoding=\"async\" src=\"https:\/\/figtree-web.us\/wp-content\/themes\/twentytwentyfour\/assets\/images\/museum.webp\" alt=\"Une rampe le long d\u2019un mur incurv\u00e9 au mus\u00e9e Kiasma, Helsinki, Finlande.\" style=\"aspect-ratio:3\/4;object-fit:cover\"\/><\/figure>\n<\/div>\n<\/div>\n<\/div>\n\n\n\n<div class=\"wp-block-group alignfull has-base-background-color has-background has-global-padding is-layout-constrained wp-container-core-group-is-layout-d89aad35 wp-block-group-is-layout-constrained\" style=\"margin-top:0;margin-bottom:0;padding-top:var(--wp--preset--spacing--50);padding-right:var(--wp--preset--spacing--50);padding-bottom:var(--wp--preset--spacing--50);padding-left:var(--wp--preset--spacing--50)\">\n<div class=\"wp-block-columns alignwide is-layout-flex wp-container-core-columns-is-layout-549b0c86 wp-block-columns-is-layout-flex\">\n<div class=\"wp-block-column is-layout-flow wp-container-core-column-is-layout-119bc444 wp-block-column-is-layout-flow\" style=\"flex-basis:60%\">\n<p class=\"has-heading-font-family has-x-large-font-size\" style=\"line-height:1.2\">Nos Services<\/p>\n\n\n\n<div class=\"wp-block-columns is-layout-flex wp-container-core-columns-is-layout-87beb0d0 wp-block-columns-is-layout-flex\">\n<div class=\"wp-block-column is-layout-flow wp-block-column-is-layout-flow\">\n<p class=\"wp-container-content-9cfa9a5a\"><strong>S\u00e9curit\u00e9 des Serveurs<\/strong> : \u00ab\u00a0Prot\u00e9gez votre infrastructure critique avec nos solutions de s\u00e9curit\u00e9 des serveurs avanc\u00e9es.\u00a0\u00bb<\/p>\n\n\n\n<h3 class=\"wp-block-heading\">Nos Formations<\/h3>\n\n\n\n<p>\u00ab\u00a0\u00c9levez vos comp\u00e9tences ou celles de votre \u00e9quipe avec nos formations sp\u00e9cialis\u00e9es en IT, con\u00e7ues pour vous garder \u00e0 la pointe de la technologie. D\u00e9couvrez nos programmes en s\u00e9curit\u00e9 des serveurs, d\u00e9veloppement d&rsquo;applications, et virtualisation.\u00a0\u00bb<\/p>\n<\/div>\n\n\n\n<div class=\"wp-block-column is-layout-flow wp-block-column-is-layout-flow\">\n<p><strong>D\u00e9veloppement d&rsquo;Applications<\/strong> : \u00ab\u00a0Des applications sur mesure pour propulser votre entreprise vers l&rsquo;avant, sur toutes les plateformes.\u00a0\u00bb<\/p>\n\n\n\n<p><strong>Virtualisation de Serveurs<\/strong> : \u00ab\u00a0Maximisez l&rsquo;efficacit\u00e9 et la flexibilit\u00e9 de votre IT avec nos solutions de virtualisation de pointe.\u00a0\u00bb<\/p>\n<\/div>\n<\/div>\n<\/div>\n<\/div>\n<\/div>\n\n\n\n<div class=\"wp-block-group alignfull has-accent-5-background-color has-background has-global-padding is-layout-constrained wp-container-core-group-is-layout-d89aad35 wp-block-group-is-layout-constrained\" style=\"margin-top:0;margin-bottom:0;padding-top:var(--wp--preset--spacing--50);padding-right:var(--wp--preset--spacing--50);padding-bottom:var(--wp--preset--spacing--50);padding-left:var(--wp--preset--spacing--50)\">\n<div class=\"wp-block-columns alignwide is-layout-flex wp-container-core-columns-is-layout-1da03c2a wp-block-columns-is-layout-flex\">\n<div class=\"wp-block-column is-vertically-aligned-center is-layout-flow wp-block-column-is-layout-flow\" style=\"flex-basis:60%\">\n<figure class=\"wp-block-image size-full is-style-rounded wp-duotone-duotone-1 is-style-rounded--2\"><img decoding=\"async\" src=\"https:\/\/figtree-web.us\/wp-content\/themes\/twentytwentyfour\/assets\/images\/abstract-geometric-art.webp\" alt=\"\u0152uvre d\u2019art g\u00e9om\u00e9trique abstraite blanche de Dresde, Allemagne\" style=\"aspect-ratio:4\/3;object-fit:cover\"\/><\/figure>\n<\/div>\n\n\n\n<div class=\"wp-block-column is-layout-flow wp-block-column-is-layout-flow\" style=\"flex-basis:40%\">\n<h2 class=\"wp-block-heading\">Pourquoi Nous Choisir ?<\/h2>\n\n\n\n<p>\u00ab\u00a0Notre approche personnalis\u00e9e, combin\u00e9e \u00e0 une expertise approfondie et \u00e0 une technologie de pointe, fait de nous le partenaire privil\u00e9gi\u00e9 pour s\u00e9curiser et optimiser votre environnement IT. Rejoignez les nombreuses entreprises qui nous font confiance.\u00a0\u00bb<\/p>\n\n\n\n<div class=\"wp-block-buttons is-layout-flex wp-block-buttons-is-layout-flex\">\n<div class=\"wp-block-button\"><a class=\"wp-block-button__link wp-element-button\">Nos services<\/a><\/div>\n<\/div>\n<\/div>\n<\/div>\n<\/div>\n\n\n\n<div class=\"wp-block-group alignfull has-global-padding is-layout-constrained wp-container-core-group-is-layout-669513ed wp-block-group-is-layout-constrained\" style=\"margin-top:0;margin-bottom:0;padding-top:var(--wp--preset--spacing--50);padding-right:var(--wp--preset--spacing--50);padding-bottom:var(--wp--preset--spacing--50);padding-left:var(--wp--preset--spacing--50)\">\n<div class=\"wp-block-group is-vertical is-content-justification-center is-layout-flex wp-container-core-group-is-layout-ce155fab wp-block-group-is-layout-flex\">\n<h2 class=\"wp-block-heading has-text-align-center has-xx-large-font-size\">Contactez-Nous<\/h2>\n\n\n\n<p class=\"has-text-align-center\">\u00ab\u00a0Pr\u00eat \u00e0 transformer votre IT ? Contactez-nous aujourd&rsquo;hui pour une consultation personnalis\u00e9e et d\u00e9couvrez comment nous pouvons vous aider.\u00a0\u00bb<\/p>\n<\/div>\n\n\n\n<div style=\"height:var(--wp--preset--spacing--30)\" aria-hidden=\"true\" class=\"wp-block-spacer\"><\/div>\n\n\n\n<div class=\"wp-block-columns alignwide is-layout-flex wp-container-core-columns-is-layout-4935966c wp-block-columns-is-layout-flex\" style=\"padding-right:0;padding-left:0\">\n<div class=\"wp-block-column is-layout-flow wp-block-column-is-layout-flow\">\n<div class=\"wp-block-group is-vertical is-content-justification-center is-nowrap is-layout-flex wp-container-core-group-is-layout-21d4e958 wp-block-group-is-layout-flex\">\n<p class=\"has-text-align-center has-small-font-size\"><strong>G\u00e9rard<\/strong><\/p>\n\n\n\n<p class=\"has-text-align-center\">D\u00e9veloppement <br>Virtualisation<br>Base de Donn\u00e9es<\/p>\n<\/div>\n<\/div>\n\n\n\n<div class=\"wp-block-column is-layout-flow wp-block-column-is-layout-flow\">\n<div class=\"wp-block-group is-vertical is-content-justification-center is-nowrap is-layout-flex wp-container-core-group-is-layout-63bfd6c1 wp-block-group-is-layout-flex\">\n<p class=\"has-text-align-center has-small-font-size\"><strong>Patrick<\/strong><\/p>\n\n\n\n<p class=\"has-text-align-center has-small-font-size\">Cyber S\u00e9curit\u00e9<\/p>\n\n\n\n<p>Virtualisation<\/p>\n<\/div>\n<\/div>\n\n\n\n<div class=\"wp-block-column is-layout-flow wp-block-column-is-layout-flow\">\n<div class=\"wp-block-group is-vertical is-content-justification-center is-nowrap is-layout-flex wp-container-core-group-is-layout-63bfd6c1 wp-block-group-is-layout-flex\">\n<p class=\"has-text-align-center has-small-font-size\"><strong>St\u00e9phane<\/strong><\/p>\n\n\n\n<p class=\"has-text-align-center has-small-font-size\">Architecte R\u00e9seau<\/p>\n\n\n\n<p>D\u00e9veloppement<\/p>\n<\/div>\n<\/div>\n\n\n\n<div class=\"wp-block-column is-layout-flow wp-block-column-is-layout-flow\">\n<div class=\"wp-block-group is-vertical is-content-justification-center is-nowrap is-layout-flex wp-container-core-group-is-layout-21d4e958 wp-block-group-is-layout-flex\">\n<p class=\"has-text-align-center has-small-font-size\"> <strong>Paul<\/strong> <\/p>\n\n\n\n<p class=\"has-text-align-center has-small-font-size\">Responsable Formation<\/p>\n<\/div>\n<\/div>\n<\/div>\n<\/div>\n\n\n","protected":false},"excerpt":{"rendered":"<p>S\u00e9curiser Votre Avenir Num\u00e9rique Chez Figtree, nous combinons expertise technique et innovation pour offrir des solutions de s\u00e9curit\u00e9 des serveurs, de d\u00e9veloppement d&rsquo;applications et de virtualisation de pointe. Notre mission est de prot\u00e9ger, optimiser et transformer votre infrastructure IT, assurant ainsi la croissance et la r\u00e9silience de votre entreprise. S\u00e9curiser Votre Avenir Num\u00e9rique Nos Services [&hellip;]<\/p>\n","protected":false},"author":1,"featured_media":0,"parent":0,"menu_order":0,"comment_status":"closed","ping_status":"closed","template":"","meta":{"footnotes":""},"class_list":["post-28","page","type-page","status-publish","hentry"],"_links":{"self":[{"href":"https:\/\/figtree-web.us\/index.php\/wp-json\/wp\/v2\/pages\/28","targetHints":{"allow":["GET"]}}],"collection":[{"href":"https:\/\/figtree-web.us\/index.php\/wp-json\/wp\/v2\/pages"}],"about":[{"href":"https:\/\/figtree-web.us\/index.php\/wp-json\/wp\/v2\/types\/page"}],"author":[{"embeddable":true,"href":"https:\/\/figtree-web.us\/index.php\/wp-json\/wp\/v2\/users\/1"}],"replies":[{"embeddable":true,"href":"https:\/\/figtree-web.us\/index.php\/wp-json\/wp\/v2\/comments?post=28"}],"version-history":[{"count":5,"href":"https:\/\/figtree-web.us\/index.php\/wp-json\/wp\/v2\/pages\/28\/revisions"}],"predecessor-version":[{"id":150,"href":"https:\/\/figtree-web.us\/index.php\/wp-json\/wp\/v2\/pages\/28\/revisions\/150"}],"wp:attachment":[{"href":"https:\/\/figtree-web.us\/index.php\/wp-json\/wp\/v2\/media?parent=28"}],"curies":[{"name":"wp","href":"https:\/\/api.w.org\/{rel}","templated":true}]}}