{"id":14,"date":"2024-01-29T19:18:11","date_gmt":"2024-01-29T18:18:11","guid":{"rendered":"https:\/\/figtree-web.us\/?page_id=14"},"modified":"2024-01-31T20:54:45","modified_gmt":"2024-01-31T19:54:45","slug":"nos-services","status":"publish","type":"page","link":"https:\/\/figtree-web.us\/index.php\/nos-services\/","title":{"rendered":"Nos Services"},"content":{"rendered":"\n<div class=\"wp-block-group alignfull has-global-padding is-layout-constrained wp-container-core-group-is-layout-490fa1db wp-block-group-is-layout-constrained\" style=\"padding-top:var(--wp--preset--spacing--50);padding-right:var(--wp--preset--spacing--50);padding-bottom:var(--wp--preset--spacing--50);padding-left:var(--wp--preset--spacing--50)\">\n<div class=\"wp-block-group has-global-padding is-layout-constrained wp-container-core-group-is-layout-650790e1 wp-block-group-is-layout-constrained\">\n<h1 class=\"wp-block-heading has-text-align-center has-x-large-font-size\"><strong>S\u00e9curit\u00e9 de vos infrastructures<\/strong><\/h1>\n\n\n\n<div style=\"height:1.25rem\" aria-hidden=\"true\" class=\"wp-block-spacer\"><\/div>\n\n\n\n<p class=\"has-text-align-center\">Prot\u00e9gez votre infrastructure critique avec nos solutions de s\u00e9curit\u00e9 des serveurs avanc\u00e9es.<\/p>\n\n\n\n<div style=\"height:1.25rem\" aria-hidden=\"true\" class=\"wp-block-spacer\"><\/div>\n\n\n\n<div class=\"wp-block-buttons is-content-justification-center is-layout-flex wp-container-core-buttons-is-layout-a89b3969 wp-block-buttons-is-layout-flex\">\n<div class=\"wp-block-button\"><a class=\"wp-block-button__link wp-element-button\" href=\"https:\/\/figtree-web.us\/index.php\/notre-expertise-en-cyber-securite\/\">\u00c0 propos<\/a><\/div>\n<\/div>\n<\/div>\n\n\n\n<figure class=\"wp-block-image size-large\"><img loading=\"lazy\" decoding=\"async\" width=\"1024\" height=\"683\" src=\"https:\/\/figtree-web.us\/wp-content\/uploads\/2024\/01\/hand-touching-tablet-1024x683.jpg\" alt=\"\" class=\"wp-image-120\" srcset=\"https:\/\/figtree-web.us\/wp-content\/uploads\/2024\/01\/hand-touching-tablet-1024x683.jpg 1024w, https:\/\/figtree-web.us\/wp-content\/uploads\/2024\/01\/hand-touching-tablet-300x200.jpg 300w, https:\/\/figtree-web.us\/wp-content\/uploads\/2024\/01\/hand-touching-tablet-768x512.jpg 768w, https:\/\/figtree-web.us\/wp-content\/uploads\/2024\/01\/hand-touching-tablet.jpg 1500w\" sizes=\"auto, (max-width: 1024px) 100vw, 1024px\" \/><\/figure>\n<\/div>\n\n\n\n<div class=\"wp-block-group alignfull has-global-padding is-layout-constrained wp-container-core-group-is-layout-490fa1db wp-block-group-is-layout-constrained\" style=\"padding-top:var(--wp--preset--spacing--50);padding-right:var(--wp--preset--spacing--50);padding-bottom:var(--wp--preset--spacing--50);padding-left:var(--wp--preset--spacing--50)\">\n<div class=\"wp-block-group has-global-padding is-layout-constrained wp-container-core-group-is-layout-650790e1 wp-block-group-is-layout-constrained\">\n<h1 class=\"wp-block-heading has-text-align-center has-x-large-font-size\"><strong><strong>D\u00e9veloppement d&rsquo;Applications<\/strong><\/strong><\/h1>\n\n\n\n<div style=\"height:1.25rem\" aria-hidden=\"true\" class=\"wp-block-spacer\"><\/div>\n\n\n\n<p class=\"has-text-align-center\">Des applications sur mesure pour propulser votre entreprise vers l&rsquo;avant, sur toutes les plateformes.<\/p>\n\n\n\n<div style=\"height:1.25rem\" aria-hidden=\"true\" class=\"wp-block-spacer\"><\/div>\n\n\n\n<div class=\"wp-block-buttons is-content-justification-center is-layout-flex wp-container-core-buttons-is-layout-a89b3969 wp-block-buttons-is-layout-flex\">\n<div class=\"wp-block-button\"><a class=\"wp-block-button__link wp-element-button\" href=\"https:\/\/figtree-web.us\/index.php\/developpement\/\">\u00c0 propos<\/a><\/div>\n<\/div>\n<\/div>\n\n\n\n<div style=\"height:var(--wp--preset--spacing--30)\" aria-hidden=\"true\" class=\"wp-block-spacer\"><\/div>\n\n\n\n<figure class=\"wp-block-image size-large\"><img loading=\"lazy\" decoding=\"async\" width=\"1024\" height=\"544\" src=\"https:\/\/figtree-web.us\/wp-content\/uploads\/2024\/01\/coding-1024x544.jpg\" alt=\"\" class=\"wp-image-122\" srcset=\"https:\/\/figtree-web.us\/wp-content\/uploads\/2024\/01\/coding-1024x544.jpg 1024w, https:\/\/figtree-web.us\/wp-content\/uploads\/2024\/01\/coding-300x159.jpg 300w, https:\/\/figtree-web.us\/wp-content\/uploads\/2024\/01\/coding-768x408.jpg 768w, https:\/\/figtree-web.us\/wp-content\/uploads\/2024\/01\/coding.jpg 1500w\" sizes=\"auto, (max-width: 1024px) 100vw, 1024px\" \/><\/figure>\n<\/div>\n\n\n\n<div class=\"wp-block-group alignfull has-global-padding is-layout-constrained wp-container-core-group-is-layout-490fa1db wp-block-group-is-layout-constrained\" style=\"padding-top:var(--wp--preset--spacing--50);padding-right:var(--wp--preset--spacing--50);padding-bottom:var(--wp--preset--spacing--50);padding-left:var(--wp--preset--spacing--50)\">\n<div class=\"wp-block-group has-global-padding is-layout-constrained wp-container-core-group-is-layout-650790e1 wp-block-group-is-layout-constrained\">\n<h1 class=\"wp-block-heading has-text-align-center has-x-large-font-size\"><strong><strong><strong>Virtualisation<\/strong><\/strong><\/strong><\/h1>\n\n\n\n<div style=\"height:1.25rem\" aria-hidden=\"true\" class=\"wp-block-spacer\"><\/div>\n\n\n\n<p class=\"has-text-align-center\">Maximisez l&rsquo;efficacit\u00e9 et la flexibilit\u00e9 de votre IT avec nos solutions de virtualisation de pointe<\/p>\n\n\n\n<div style=\"height:1.25rem\" aria-hidden=\"true\" class=\"wp-block-spacer\"><\/div>\n\n\n\n<div class=\"wp-block-buttons is-content-justification-center is-layout-flex wp-container-core-buttons-is-layout-a89b3969 wp-block-buttons-is-layout-flex\">\n<div class=\"wp-block-button\"><a class=\"wp-block-button__link wp-element-button\" href=\"https:\/\/figtree-web.us\/index.php\/expertise-en-virtualisation-de-serveurs\/\">\u00c0 propos<\/a><\/div>\n<\/div>\n<\/div>\n\n\n\n<figure class=\"wp-block-image size-large\"><img loading=\"lazy\" decoding=\"async\" width=\"1024\" height=\"682\" src=\"https:\/\/figtree-web.us\/wp-content\/uploads\/2024\/01\/hands-digital-universe-background-1024x682.jpg\" alt=\"\" class=\"wp-image-124\" srcset=\"https:\/\/figtree-web.us\/wp-content\/uploads\/2024\/01\/hands-digital-universe-background-1024x682.jpg 1024w, https:\/\/figtree-web.us\/wp-content\/uploads\/2024\/01\/hands-digital-universe-background-300x200.jpg 300w, https:\/\/figtree-web.us\/wp-content\/uploads\/2024\/01\/hands-digital-universe-background-768x512.jpg 768w, https:\/\/figtree-web.us\/wp-content\/uploads\/2024\/01\/hands-digital-universe-background.jpg 1280w\" sizes=\"auto, (max-width: 1024px) 100vw, 1024px\" \/><\/figure>\n<\/div>\n\n\n\n<div class=\"wp-block-group alignfull has-global-padding is-layout-constrained wp-container-core-group-is-layout-490fa1db wp-block-group-is-layout-constrained\" style=\"padding-top:var(--wp--preset--spacing--50);padding-right:var(--wp--preset--spacing--50);padding-bottom:var(--wp--preset--spacing--50);padding-left:var(--wp--preset--spacing--50)\">\n<div class=\"wp-block-group has-global-padding is-layout-constrained wp-container-core-group-is-layout-650790e1 wp-block-group-is-layout-constrained\">\n<h1 class=\"wp-block-heading has-text-align-center has-x-large-font-size\"><strong>Nos Formations<\/strong><\/h1>\n\n\n\n<div style=\"height:1.25rem\" aria-hidden=\"true\" class=\"wp-block-spacer\"><\/div>\n\n\n\n<p class=\"has-text-align-center\">\u00c9levez vos comp\u00e9tences ou celles de votre \u00e9quipe avec nos formations sp\u00e9cialis\u00e9es en IT, con\u00e7ues pour vous garder \u00e0 la pointe de la technologie. D\u00e9couvrez nos programmes en s\u00e9curit\u00e9 des serveurs, d\u00e9veloppement d&rsquo;applications, et virtualisation.<\/p>\n\n\n\n<div class=\"wp-block-buttons is-content-justification-center is-layout-flex wp-container-core-buttons-is-layout-a89b3969 wp-block-buttons-is-layout-flex\">\n<div class=\"wp-block-button\"><a class=\"wp-block-button__link wp-element-button\" href=\"https:\/\/figtree-web.us\/index.php\/formations\/\">\u00c0 propos<\/a><\/div>\n<\/div>\n<\/div>\n\n\n\n<figure class=\"wp-block-image size-large\"><img loading=\"lazy\" decoding=\"async\" width=\"1024\" height=\"682\" src=\"https:\/\/figtree-web.us\/wp-content\/uploads\/2024\/01\/personne-au-bureau-plusieurs-moniteurs-au-bureau-service-client-assistance-telephonique-du-centre-appels-pour-fournir-assistance-matiere-telecommunications-helpdesk-vide-accueil-telephonique-client-1-1024x682.jpg\" alt=\"\" class=\"wp-image-126\" srcset=\"https:\/\/figtree-web.us\/wp-content\/uploads\/2024\/01\/personne-au-bureau-plusieurs-moniteurs-au-bureau-service-client-assistance-telephonique-du-centre-appels-pour-fournir-assistance-matiere-telecommunications-helpdesk-vide-accueil-telephonique-client-1-1024x682.jpg 1024w, https:\/\/figtree-web.us\/wp-content\/uploads\/2024\/01\/personne-au-bureau-plusieurs-moniteurs-au-bureau-service-client-assistance-telephonique-du-centre-appels-pour-fournir-assistance-matiere-telecommunications-helpdesk-vide-accueil-telephonique-client-1-300x200.jpg 300w, https:\/\/figtree-web.us\/wp-content\/uploads\/2024\/01\/personne-au-bureau-plusieurs-moniteurs-au-bureau-service-client-assistance-telephonique-du-centre-appels-pour-fournir-assistance-matiere-telecommunications-helpdesk-vide-accueil-telephonique-client-1-768x512.jpg 768w, https:\/\/figtree-web.us\/wp-content\/uploads\/2024\/01\/personne-au-bureau-plusieurs-moniteurs-au-bureau-service-client-assistance-telephonique-du-centre-appels-pour-fournir-assistance-matiere-telecommunications-helpdesk-vide-accueil-telephonique-client-1.jpg 1400w\" sizes=\"auto, (max-width: 1024px) 100vw, 1024px\" \/><\/figure>\n<\/div>\n","protected":false},"excerpt":{"rendered":"<p>S\u00e9curit\u00e9 de vos infrastructures Prot\u00e9gez votre infrastructure critique avec nos solutions de s\u00e9curit\u00e9 des serveurs avanc\u00e9es. D\u00e9veloppement d&rsquo;Applications Des applications sur mesure pour propulser votre entreprise vers l&rsquo;avant, sur toutes les plateformes. Virtualisation Maximisez l&rsquo;efficacit\u00e9 et la flexibilit\u00e9 de votre IT avec nos solutions de virtualisation de pointe Nos Formations \u00c9levez vos comp\u00e9tences ou celles [&hellip;]<\/p>\n","protected":false},"author":1,"featured_media":0,"parent":0,"menu_order":0,"comment_status":"closed","ping_status":"closed","template":"","meta":{"footnotes":""},"class_list":["post-14","page","type-page","status-publish","hentry"],"_links":{"self":[{"href":"https:\/\/figtree-web.us\/index.php\/wp-json\/wp\/v2\/pages\/14","targetHints":{"allow":["GET"]}}],"collection":[{"href":"https:\/\/figtree-web.us\/index.php\/wp-json\/wp\/v2\/pages"}],"about":[{"href":"https:\/\/figtree-web.us\/index.php\/wp-json\/wp\/v2\/types\/page"}],"author":[{"embeddable":true,"href":"https:\/\/figtree-web.us\/index.php\/wp-json\/wp\/v2\/users\/1"}],"replies":[{"embeddable":true,"href":"https:\/\/figtree-web.us\/index.php\/wp-json\/wp\/v2\/comments?post=14"}],"version-history":[{"count":9,"href":"https:\/\/figtree-web.us\/index.php\/wp-json\/wp\/v2\/pages\/14\/revisions"}],"predecessor-version":[{"id":128,"href":"https:\/\/figtree-web.us\/index.php\/wp-json\/wp\/v2\/pages\/14\/revisions\/128"}],"wp:attachment":[{"href":"https:\/\/figtree-web.us\/index.php\/wp-json\/wp\/v2\/media?parent=14"}],"curies":[{"name":"wp","href":"https:\/\/api.w.org\/{rel}","templated":true}]}}